{"id":3966,"date":"2018-12-09T18:12:18","date_gmt":"2018-12-09T18:12:18","guid":{"rendered":"https:\/\/arthron5.com\/?page_id=3966"},"modified":"2021-10-28T01:52:29","modified_gmt":"2021-10-28T01:52:29","slug":"arthritis-cure-medicine","status":"publish","type":"page","link":"https:\/\/arthron5.com\/vi\/arthritis-cure-medicine\/","title":{"rendered":"Thu\u1ed1c ch\u1eefa vi\u00eam kh\u1edbp"},"content":{"rendered":"<p>Thu\u1ed1c ch\u1eefa vi\u00eam kh\u1edbp<\/p>\n<p>&nbsp;<\/p>\n<p style=\"text-align: right;\"><a href=\"https:\/\/arthron5.com\/wp-content\/uploads\/2017\/07\/arthron5_80104015_std_000.jpg\"><img loading=\"lazy\" decoding=\"async\" class=\"alignnone size-medium wp-image-217\" src=\"https:\/\/arthron5.com\/wp-content\/uploads\/2017\/07\/arthron5_80104015_std_000-225x300.jpg\" alt=\"\" width=\"225\" height=\"300\" srcset=\"https:\/\/arthron5.com\/wp-content\/uploads\/2017\/07\/arthron5_80104015_std_000-225x300.jpg 225w, https:\/\/arthron5.com\/wp-content\/uploads\/2017\/07\/arthron5_80104015_std_000-768x1023.jpg 768w, https:\/\/arthron5.com\/wp-content\/uploads\/2017\/07\/arthron5_80104015_std_000-769x1024.jpg 769w, https:\/\/arthron5.com\/wp-content\/uploads\/2017\/07\/arthron5_80104015_std_000.jpg 801w\" sizes=\"(max-width: 225px) 100vw, 225px\" \/><\/a><\/p>\n<p>Thu\u1ed1c ch\u1eefa vi\u00eam kh\u1edbp &#8211; Vi\u00eam kh\u1edbp<\/p>\n<p>Vi\u00eam kh\u1edbp l\u00e0 m\u1ed9t thu\u1eadt ng\u1eef th\u01b0\u1eddng \u0111\u01b0\u1ee3c s\u1eed d\u1ee5ng \u0111\u1ec3 ch\u1ec9 b\u1ea5t k\u1ef3 r\u1ed1i lo\u1ea1n n\u00e0o \u1ea3nh h\u01b0\u1edfng \u0111\u1ebfn kh\u1edbp. C\u00e1c tri\u1ec7u ch\u1ee9ng th\u01b0\u1eddng bao g\u1ed3m \u0111au kh\u1edbp, c\u1ee9ng kh\u1edbp, \u0111\u1ecf v\u00e0 \u1ea5m, s\u01b0ng v\u00e0 gi\u1ea3m ph\u1ea1m vi chuy\u1ec3n \u0111\u1ed9ng c\u1ee7a c\u00e1c kh\u1edbp b\u1ecb \u1ea3nh h\u01b0\u1edfng. Trong m\u1ed9t s\u1ed1 lo\u1ea1i, c\u00e1c c\u01a1 quan c\u0169ng b\u1ecb \u1ea3nh h\u01b0\u1edfng. Kh\u1edfi ph\u00e1t c\u00f3 th\u1ec3 t\u1eeb t\u1eeb ho\u1eb7c \u0111\u1ed9t ng\u1ed9t.<\/p>\n<p>C\u00f3 h\u01a1n 100 lo\u1ea1i vi\u00eam kh\u1edbp. C\u00e1c h\u00ecnh th\u1ee9c ph\u1ed5 bi\u1ebfn nh\u1ea5t l\u00e0 vi\u00eam x\u01b0\u01a1ng kh\u1edbp (b\u1ec7nh tho\u00e1i h\u00f3a kh\u1edbp), vi\u00eam kh\u1edbp d\u1ea1ng th\u1ea5p v\u00e0 b\u1ec7nh g\u00fat. Vi\u00eam x\u01b0\u01a1ng kh\u1edbp th\u01b0\u1eddng x\u1ea3y ra theo tu\u1ed5i t\u00e1c v\u00e0 \u1ea3nh h\u01b0\u1edfng \u0111\u1ebfn ng\u00f3n tay, \u0111\u1ea7u g\u1ed1i v\u00e0 h\u00f4ng. Vi\u00eam kh\u1edbp d\u1ea1ng th\u1ea5p l\u00e0 m\u1ed9t r\u1ed1i lo\u1ea1n t\u1ef1 mi\u1ec5n th\u01b0\u1eddng \u1ea3nh h\u01b0\u1edfng \u0111\u1ebfn tay v\u00e0 ch\u00e2n. C\u00e1c \u0111\u1eb7c \u0111i\u1ec3m c\u1ee7a vi\u00eam kh\u1edbp d\u1ea1ng th\u1ea5p l\u00e0 \u0111au kh\u1edbp \u1edf c\u1ea3 kh\u1edbp tr\u00e1i v\u00e0 ph\u1ea3i v\u00e0 t\u1ea5n c\u00f4ng c\u00e1c lo\u1ea1i \u0111au d\u1eef d\u1ed9i kh\u00e1c nhau. K\u1ebft qu\u1ea3 c\u1ee7a thu\u1ed1c t\u1ed5ng h\u1ee3p c\u00f3 th\u1ec3 l\u00e0m gi\u1ea3m c\u01a1n \u0111au nh\u01b0ng s\u1ef1 x\u1ea5u \u0111i s\u1ebd ti\u1ebfp t\u1ee5c v\u00e0 r\u00fat ng\u1eafn tu\u1ed5i th\u1ecd t\u1eeb 5-10 n\u0103m. Gout l\u00e0 m\u1ed9t lo\u1ea1i axit uric cao t\u1ea1o th\u00e0nh c\u00e1c tinh th\u1ec3 d\u1ea1ng kim t\u1ea5n c\u00f4ng c\u01a1 th\u1ec3 \u0111\u1ec3 g\u00e2y \u0111au.<\/p>\n<p>Thu\u1ed1c ch\u1eefa vi\u00eam kh\u1edbp &#8211; Vi\u00eam x\u01b0\u01a1ng kh\u1edbp<\/p>\n<p>Vi\u00eam x\u01b0\u01a1ng kh\u1edbp (OA) l\u00e0 d\u1ea1ng vi\u00eam kh\u1edbp ph\u1ed5 bi\u1ebfn nh\u1ea5t. Trong h\u1ea7u h\u1ebft c\u00e1c tr\u01b0\u1eddng h\u1ee3p, theo th\u1eddi gian, s\u1ee5n \u1edf kh\u1edbp b\u1ecb ph\u00e1 v\u1ee1 v\u00e0 c\u00e1c tri\u1ec7u ch\u1ee9ng b\u1eaft \u0111\u1ea7u xu\u1ea5t hi\u1ec7n. C\u00e1c vi\u00eam v\u00e0 \u0111au ch\u1ec9 \u1edf m\u1ed9t kh\u1edbp. c\u01a1n \u0111au kh\u00f4ng di chuy\u1ec3n \u0111\u1ebfn kh\u1edbp n\u00e0y sang kh\u1edbp kh\u00e1c. Thu\u1ed1c gi\u1ea3m \u0111au l\u00e0 lo\u1ea1i thu\u1ed1c duy nh\u1ea5t hi\u1ec7n nay \u0111\u1ec3 ng\u0103n ch\u1eb7n c\u01a1n \u0111au, kh\u1edbp s\u1ebd ti\u1ebfp t\u1ee5c x\u1ea5u \u0111i. Sau khi s\u1ee5n b\u1ecb t\u1ed5n th\u01b0\u01a1ng, ph\u1eabu thu\u1eadt l\u00e0 ph\u01b0\u01a1ng ph\u00e1p \u0111i\u1ec1u tr\u1ecb duy nh\u1ea5t c\u00f2n l\u1ea1i. Sau ph\u1eabu thu\u1eadt, c\u01a1n \u0111au s\u1ebd ti\u1ebfp t\u1ee5c, v\u00e0 ph\u1ea3i u\u1ed1ng thu\u1ed1c gi\u1ea3m \u0111au. Trong m\u1ed9t s\u1ed1 tr\u01b0\u1eddng h\u1ee3p, vi\u00eam c\u00f3 th\u1ec3 lan \u0111\u1ebfn g\u00e2n \u1ea3nh h\u01b0\u1edfng \u0111\u1ebfn s\u1ef1 v\u1eadn \u0111\u1ed9ng c\u1ee7a kh\u1edbp. C\u01a1n \u0111au c\u0169ng c\u00f3 th\u1ec3 lan l\u00ean xu\u1ed1ng l\u00e0m \u1ea3nh h\u01b0\u1edfng \u0111\u1ebfn c\u00e1c kh\u1edbp kh\u00e1c. Kho\u1ea3ng 13% d\u00e2n s\u1ed1 tr\u00ean to\u00e0n th\u1ebf gi\u1edbi b\u1ecb vi\u00eam kh\u1edbp. \u0110\u00f3 l\u00e0 m\u1ed9t c\u0103n b\u1ec7nh r\u1ea5t ph\u1ed5 bi\u1ebfn.<\/p>\n<p style=\"text-align: right;\"><a href=\"https:\/\/arthron5.com\/wp-content\/uploads\/2017\/09\/LRLOGO.png\"><img loading=\"lazy\" decoding=\"async\" class=\"alignnone size-full wp-image-2170\" src=\"https:\/\/arthron5.com\/wp-content\/uploads\/2017\/09\/LRLOGO.png\" alt=\"\" width=\"74\" height=\"139\" \/><\/a><\/p>\n<p>Thu\u1ed1c ch\u1eefa vi\u00eam kh\u1edbp &#8211; Vi\u00eam kh\u1edbp d\u1ea1ng th\u1ea5p<\/p>\n<p>Vi\u00eam kh\u1edbp d\u1ea1ng th\u1ea5p l\u00e0 m\u1ed9t b\u1ec7nh \u1ea3nh h\u01b0\u1edfng \u0111\u1ebfn kh\u1edbp. N\u00f3 g\u00e2y ra \u0111au, s\u01b0ng v\u00e0 c\u1ee9ng. N\u1ebfu m\u1ed9t \u0111\u1ea7u g\u1ed1i ho\u1eb7c b\u00e0n tay b\u1ecb vi\u00eam kh\u1edbp d\u1ea1ng th\u1ea5p, th\u01b0\u1eddng th\u00ec nh\u1eefng ng\u01b0\u1eddi kh\u00e1c c\u0169ng l\u00e0m nh\u01b0 v\u1eady. B\u1ec7nh n\u00e0y th\u01b0\u1eddng x\u1ea3y ra \u1edf nhi\u1ec1u h\u01a1n m\u1ed9t kh\u1edbp v\u00e0 c\u00f3 th\u1ec3 \u1ea3nh h\u01b0\u1edfng \u0111\u1ebfn b\u1ea5t k\u1ef3 kh\u1edbp n\u00e0o trong c\u01a1 th\u1ec3. Vi\u00eam kh\u1edbp d\u1ea1ng th\u1ea5p c\u00f3 th\u1ec3 g\u00e2y h\u1ea1i cho c\u00e1c c\u01a1 quan kh\u00e1c, c\u01a1n \u0111au nghi\u00eam tr\u1ecdng h\u01a1n nhi\u1ec1u. Kho\u1ea3ng 1% d\u00e2n s\u1ed1 tr\u00ean to\u00e0n th\u1ebf gi\u1edbi b\u1ecb vi\u00eam kh\u1edbp d\u1ea1ng th\u1ea5p. Vi\u00eam kh\u1edbp d\u1ea1ng th\u1ea5p bao g\u1ed3m AS, b\u1ec7nh v\u1ea9y n\u1ebfn, Lupus.<\/p>\n<p>Thu\u1ed1c ch\u1eefa vi\u00eam kh\u1edbp &#8211; Gout<\/p>\n<p>Gout l\u00e0 m\u1ed9t lo\u1ea1i vi\u00eam kh\u1edbp g\u00e2y vi\u00eam, th\u01b0\u1eddng \u1edf m\u1ed9t kh\u1edbp, b\u1eaft \u0111\u1ea7u \u0111\u1ed9t ng\u1ed9t. Vi\u00eam kh\u1edbp do g\u00fat l\u00e0 do s\u1ef1 l\u1eafng \u0111\u1ecdng c\u1ee7a c\u00e1c tinh th\u1ec3 axit uric trong kh\u1edbp. Tinh th\u1ec3 uric c\u00f3 th\u1ec3 t\u1ea5n c\u00f4ng b\u1ea5t k\u1ef3 c\u01a1 quan n\u00e0o kh\u00e1c \u0111\u1ec3 g\u00e2y \u0111au ho\u1eb7c t\u1eed vong. C\u01a1n \u0111au xu\u1ea5t hi\u1ec7n v\u00e0o ban \u0111\u00eam trong khi ng\u1ee7.<\/p>\n<p>Thu\u1ed1c ch\u1eefa vi\u00eam kh\u1edbp &#8211; \u0110i\u1ec1u tr\u1ecb<\/p>\n<p>&nbsp;<\/p>\n<p style=\"text-align: right;\"><a href=\"https:\/\/arthron5.com\/wp-content\/uploads\/2018\/02\/abcd.jpeg\"><img loading=\"lazy\" decoding=\"async\" class=\"alignnone size-medium wp-image-3516\" src=\"https:\/\/arthron5.com\/wp-content\/uploads\/2018\/02\/abcd-300x146.jpeg\" alt=\"\" width=\"300\" height=\"146\" srcset=\"https:\/\/arthron5.com\/wp-content\/uploads\/2018\/02\/abcd-300x146.jpeg 300w, https:\/\/arthron5.com\/wp-content\/uploads\/2018\/02\/abcd-768x375.jpeg 768w, https:\/\/arthron5.com\/wp-content\/uploads\/2018\/02\/abcd.jpeg 785w\" sizes=\"(max-width: 300px) 100vw, 300px\" \/><\/a><\/p>\n<p>Kh\u00f4ng c\u00f3 thu\u1ed1c ch\u1eefa b\u1ec7nh t\u1ed5ng h\u1ee3p \u0111\u01b0\u1ee3c bi\u1ebft \u0111\u1ebfn cho b\u1ec7nh th\u1ea5p kh\u1edbp ho\u1eb7c vi\u00eam x\u01b0\u01a1ng kh\u1edbp v\u00e0 b\u1ec7nh g\u00fat.<\/p>\n<p>Theo thu\u1ed1c, c\u00e1c l\u1ef1a ch\u1ecdn \u0111i\u1ec1u tr\u1ecb kh\u00e1c nhau t\u00f9y thu\u1ed9c v\u00e0o lo\u1ea1i vi\u00eam kh\u1edbp, v\u1eadt l\u00fd tr\u1ecb li\u1ec7u, thay \u0111\u1ed5i l\u1ed1i s\u1ed1ng (bao g\u1ed3m t\u1eadp th\u1ec3 d\u1ee5c v\u00e0 ki\u1ec3m so\u00e1t c\u00e2n n\u1eb7ng), thu\u1ed1c v\u00e0 ph\u1eabu thu\u1eadt thay kh\u1edbp. Thu\u1ed1c c\u00f3 th\u1ec3 gi\u00fap gi\u1ea3m vi\u00eam \u1edf kh\u1edbp, l\u00e0m gi\u1ea3m \u0111au. H\u01a1n n\u1eefa, b\u1eb1ng c\u00e1ch gi\u1ea3m vi\u00eam, t\u1ed5n th\u01b0\u01a1ng kh\u1edbp c\u00f3 th\u1ec3 b\u1ecb ch\u1eadm l\u1ea1i. \u0110i\u1ec1u tr\u1ecb c\u00f3 th\u1ec3 bao g\u1ed3m ngh\u1ec9 ng\u01a1i kh\u1edbp v\u00e0 \u00e1p d\u1ee5ng nhi\u1ec7t xen k\u1ebd. Thu\u1ed1c t\u1ef1 nhi\u00ean c\u00f3 th\u1ec3 gi\u00fap ph\u1ee5c h\u1ed3i tr\u01b0\u1edbc khi x\u01b0\u01a1ng b\u1ecb h\u01b0 h\u1ea1i. Nh\u00ecn chung, c\u00e1c nghi\u00ean c\u1ee9u v\u1eadt l\u00fd tr\u1ecb li\u1ec7u \u0111\u00e3 ch\u1ec9 ra r\u1eb1ng t\u1eadp th\u1ec3 d\u1ee5c c\u1ee7a kh\u1edbp b\u1ecb \u1ea3nh h\u01b0\u1edfng c\u00f3 th\u1ec3 c\u1ea3i thi\u1ec7n \u0111\u00e1ng k\u1ec3 s\u1ef1 gi\u1ea3m \u0111au l\u00e2u d\u00e0i. Nh\u01b0ng n\u1ebfu c\u00f3 \u0111au \u1edf kh\u1edbp, t\u1eadp th\u1ec3 d\u1ee5c c\u00f3 th\u1ec3 kh\u00f4ng ph\u1ea3i l\u00e0 m\u1ed9t gi\u1ea3i ph\u00e1p tuy\u1ec7t v\u1eddi.<\/p>\n<p>Thu\u1ed1c ch\u1eefa vi\u00eam kh\u1edbp &#8211; Thu\u1ed1c<\/p>\n<p>C\u00f3 m\u1ed9t s\u1ed1 lo\u1ea1i thu\u1ed1c \u0111\u01b0\u1ee3c s\u1eed d\u1ee5ng \u0111\u1ec3 \u0111i\u1ec1u tr\u1ecb vi\u00eam kh\u1edbp. \u0110i\u1ec1u tr\u1ecb th\u01b0\u1eddng b\u1eaft \u0111\u1ea7u b\u1eb1ng c\u00e1c lo\u1ea1i thu\u1ed1c c\u00f3 \u00edt t\u00e1c d\u1ee5ng ph\u1ee5 nh\u1ea5t v\u1edbi c\u00e1c lo\u1ea1i thu\u1ed1c ti\u1ebfp theo \u0111\u01b0\u1ee3c th\u00eam v\u00e0o n\u1ebfu kh\u00f4ng \u0111\u1ee7 hi\u1ec7u qu\u1ea3.<\/p>\n<p>T\u00f9y thu\u1ed9c v\u00e0o lo\u1ea1i vi\u00eam kh\u1edbp, c\u00e1c lo\u1ea1i thu\u1ed1c \u0111\u01b0\u1ee3c cung c\u1ea5p c\u00f3 th\u1ec3 kh\u00e1c nhau. V\u00ed d\u1ee5, \u0111\u1ed1i v\u1edbi \u0111i\u1ec1u tr\u1ecb vi\u00eam x\u01b0\u01a1ng kh\u1edbp l\u00e0 Acetaminophen v\u00e0 thu\u1ed1c ch\u1ed1ng vi\u00eam kh\u00f4ng steroid nh\u01b0 c\u00e1c lo\u1ea1i thu\u1ed1c nh\u01b0 ibuprofen v\u00e0 Opioids. Th\u00f4ng tin ch\u1ec9 ra r\u1eb1ng thu\u1ed1c gi\u1ea3m \u0111au ch\u1ec9 c\u00f3 th\u1ec3 \u0111\u00f3ng b\u0103ng d\u00e2y th\u1ea7n kinh. Vi\u00eam kh\u00f4ng th\u1ec3 \u0111\u01b0\u1ee3c lo\u1ea1i b\u1ecf, khi x\u01b0\u01a1ng \u0111\u00e3 b\u1ecb t\u1ed5n th\u01b0\u01a1ng.<\/p>\n<p>Vi\u00eam kh\u1edbp d\u1ea1ng th\u1ea5p (RA) l\u00e0 m\u1ed9t b\u1ec7nh t\u1ef1 mi\u1ec5n, ngo\u00e0i vi\u1ec7c s\u1eed d\u1ee5ng thu\u1ed1c gi\u1ea3m \u0111au v\u00e0 thu\u1ed1c ch\u1ed1ng vi\u00eam, m\u1ed9t v\u00ed d\u1ee5 v\u1ec1 lo\u1ea1i thu\u1ed1c n\u00e0y l\u00e0 Methotrexate. Nh\u1eefng lo\u1ea1i thu\u1ed1c n\u00e0y ho\u1ea1t \u0111\u1ed9ng tr\u00ean h\u1ec7 th\u1ed1ng mi\u1ec5n d\u1ecbch v\u00e0 l\u00e0m ch\u1eadm s\u1ef1 ti\u1ebfn tri\u1ec3n c\u1ee7a RA. Th\u00f4ng tin ch\u1ec9 ra r\u1eb1ng lo\u1ea1i thu\u1ed1c n\u00e0y c\u00f3 th\u1ec3 t\u1ea1m th\u1eddi ng\u0103n ch\u1eb7n c\u00e1c tri\u1ec7u ch\u1ee9ng x\u1ea5u \u0111i nh\u01b0ng s\u1ebd kh\u00f4ng th\u1ec3 lo\u1ea1i b\u1ecf t\u1eadn g\u1ed1c vi\u00eam kh\u1edbp d\u1ea1ng th\u1ea5p. C\u00e1c t\u00e1c d\u1ee5ng ph\u1ee5 khi\u1ebfn b\u1ec7nh nh\u00e2n c\u00f3 c\u00e1c v\u1ea5n \u0111\u1ec1 s\u1ee9c kh\u1ecfe kh\u00e1c nh\u01b0 c\u00e1c v\u1ea5n \u0111\u1ec1 v\u1ec1 s\u1ee9c kh\u1ecfe th\u1eadn ho\u1eb7c gan.<\/p>\n<p>Thu\u1ed1c t\u1ef1 nhi\u00ean c\u00f3 th\u1ec3 cung c\u1ea5p k\u1ebft qu\u1ea3 ph\u1ee5c h\u1ed3i cho b\u1ec7nh nh\u00e2n n\u1ebfu \u0111\u01b0\u1ee3c s\u1eed d\u1ee5ng \u0111\u00fang c\u00e1ch. \u0110\u1ed1i v\u1edbi vi\u00eam x\u01b0\u01a1ng kh\u1edbp, n\u1ebfu s\u1eed d\u1ee5ng thu\u1ed1c t\u1ef1 nhi\u00ean tr\u01b0\u1edbc khi x\u01b0\u01a1ng b\u1ecb t\u1ed5n th\u01b0\u01a1ng, n\u00f3 c\u00f3 th\u1ec3 ph\u1ee5c h\u1ed3i. Thu\u1ed1c t\u1ef1 nhi\u00ean c\u00f3 th\u1ec3 c\u00e2n b\u1eb1ng l\u1ea1i h\u1ec7 th\u1ed1ng mi\u1ec5n d\u1ecbch \u0111\u1ed1i v\u1edbi vi\u00eam kh\u1edbp d\u1ea1ng th\u1ea5p.<\/p>\n<p>&nbsp;<\/p>\n<p><a href=\"https:\/\/arthron5.com\/wp-content\/uploads\/2017\/08\/CAnada.jpg\"><img loading=\"lazy\" decoding=\"async\" class=\"alignnone size-medium wp-image-2527\" src=\"https:\/\/arthron5.com\/wp-content\/uploads\/2017\/08\/CAnada-300x300.jpg\" alt=\"\" width=\"300\" height=\"300\" srcset=\"https:\/\/arthron5.com\/wp-content\/uploads\/2017\/08\/CAnada-300x300.jpg 300w, https:\/\/arthron5.com\/wp-content\/uploads\/2017\/08\/CAnada-150x150.jpg 150w, https:\/\/arthron5.com\/wp-content\/uploads\/2017\/08\/CAnada-100x100.jpg 100w, https:\/\/arthron5.com\/wp-content\/uploads\/2017\/08\/CAnada.jpg 400w\" sizes=\"(max-width: 300px) 100vw, 300px\" \/><\/a><\/p>\n<p>Thu\u1ed1c ch\u1eefa vi\u00eam kh\u1edbp &#8211; Ph\u1eabu thu\u1eadt<\/p>\n<p>M\u1ed9t s\u1ed1 ph\u00e1t minh \u0111\u00e3 \u0111\u01b0\u1ee3c k\u1ebft h\u1ee3p trong \u0111i\u1ec1u tr\u1ecb vi\u00eam kh\u1edbp t\u1eeb nh\u1eefng n\u0103m 1950. D\u00e2ng tr\u00e0o<\/p>\n","protected":false},"excerpt":{"rendered":"<p>Thu\u1ed1c ch\u1eefa vi\u00eam kh\u1edbp &nbsp; Thu\u1ed1c ch\u1eefa vi\u00eam kh\u1edbp &#8211; Vi\u00eam kh\u1edbp Vi\u00eam kh\u1edbp l\u00e0 m\u1ed9t thu\u1eadt ng\u1eef th\u01b0\u1eddng \u0111\u01b0\u1ee3c s\u1eed d\u1ee5ng \u0111\u1ec3 ch\u1ec9 b\u1ea5t k\u1ef3 r\u1ed1i lo\u1ea1n n\u00e0o \u1ea3nh h\u01b0\u1edfng \u0111\u1ebfn kh\u1edbp. C\u00e1c tri\u1ec7u ch\u1ee9ng th\u01b0\u1eddng bao g\u1ed3m \u0111au kh\u1edbp, c\u1ee9ng kh\u1edbp, \u0111\u1ecf v\u00e0 \u1ea5m, s\u01b0ng v\u00e0 gi\u1ea3m ph\u1ea1m vi chuy\u1ec3n \u0111\u1ed9ng c\u1ee7a c\u00e1c &hellip; <\/p>\n<p class=\"link-more\"><a href=\"https:\/\/arthron5.com\/vi\/arthritis-cure-medicine\/\" class=\"more-link\">\u0110\u1ecdc ti\u1ebfp<span class=\"screen-reader-text\"> &#8220;Thu\u1ed1c ch\u1eefa vi\u00eam kh\u1edbp&#8221;<\/span><\/a><\/p>\n","protected":false},"author":2,"featured_media":217,"parent":0,"menu_order":0,"comment_status":"closed","ping_status":"closed","template":"","meta":{"footnotes":""},"yst_prominent_words":[52,42,131,36,55,34,97,37,173,125,33,31,309,108,88],"translation":{"provider":"WPGlobus","version":"2.12.2","language":"vi","enabled_languages":["en","zh","vi"],"languages":{"en":{"title":true,"content":true,"excerpt":false},"zh":{"title":true,"content":true,"excerpt":false},"vi":{"title":true,"content":true,"excerpt":false}}},"_links":{"self":[{"href":"https:\/\/arthron5.com\/vi\/wp-json\/wp\/v2\/pages\/3966"}],"collection":[{"href":"https:\/\/arthron5.com\/vi\/wp-json\/wp\/v2\/pages"}],"about":[{"href":"https:\/\/arthron5.com\/vi\/wp-json\/wp\/v2\/types\/page"}],"author":[{"embeddable":true,"href":"https:\/\/arthron5.com\/vi\/wp-json\/wp\/v2\/users\/2"}],"replies":[{"embeddable":true,"href":"https:\/\/arthron5.com\/vi\/wp-json\/wp\/v2\/comments?post=3966"}],"version-history":[{"count":25,"href":"https:\/\/arthron5.com\/vi\/wp-json\/wp\/v2\/pages\/3966\/revisions"}],"predecessor-version":[{"id":4558,"href":"https:\/\/arthron5.com\/vi\/wp-json\/wp\/v2\/pages\/3966\/revisions\/4558"}],"wp:featuredmedia":[{"embeddable":true,"href":"https:\/\/arthron5.com\/vi\/wp-json\/wp\/v2\/media\/217"}],"wp:attachment":[{"href":"https:\/\/arthron5.com\/vi\/wp-json\/wp\/v2\/media?parent=3966"}],"wp:term":[{"taxonomy":"yst_prominent_words","embeddable":true,"href":"https:\/\/arthron5.com\/vi\/wp-json\/wp\/v2\/yst_prominent_words?post=3966"}],"curies":[{"name":"wp","href":"https:\/\/api.w.org\/{rel}","templated":true}]}}